{"id":238002,"date":"2021-07-25T21:09:21","date_gmt":"2021-07-25T19:09:21","guid":{"rendered":"https:\/\/projekt.budu.pl\/?page_id=238002"},"modified":"2021-08-18T19:27:12","modified_gmt":"2021-08-18T17:27:12","slug":"inspektorzy","status":"publish","type":"page","link":"https:\/\/projekt.budu.pl\/?page_id=238002","title":{"rendered":"Inspektorzy"},"content":{"rendered":"<p>[et_pb_section fb_built=&#8221;1&#8243; admin_label=&#8221;Hero Section&#8221; _builder_version=&#8221;4.9.10&#8243; custom_padding=&#8221;0|0px|0px|0px&#8221; global_colors_info=&#8221;{}&#8221;][et_pb_row column_structure=&#8221;1_2,1_2&#8243; use_custom_gutter=&#8221;on&#8221; make_equal=&#8221;on&#8221; _builder_version=&#8221;4.9.10&#8243; width=&#8221;100%&#8221; max_width=&#8221;100%&#8221; custom_padding=&#8221;0px|0|0px|&#8221; use_custom_width=&#8221;on&#8221; width_unit=&#8221;off&#8221; custom_width_percent=&#8221;100%&#8221; global_colors_info=&#8221;{}&#8221;][et_pb_column type=&#8221;1_2&#8243; _builder_version=&#8221;3.25&#8243; custom_padding=&#8221;200px|4%|200px|8%&#8221; custom_padding_tablet=&#8221;60px|10%|60px|10%&#8221; custom_padding_phone=&#8221;&#8221; custom_padding_last_edited=&#8221;on|tablet&#8221; global_colors_info=&#8221;{}&#8221; padding_tablet=&#8221;60px|10%|60px|10%&#8221; padding_last_edited=&#8221;on|tablet&#8221; custom_padding__hover=&#8221;|||&#8221;][et_pb_text _builder_version=&#8221;4.9.10&#8243; text_font=&#8221;||||||||&#8221; header_font=&#8221;Poppins|300|||||||&#8221; header_3_font=&#8221;Poppins|300||on|||||&#8221; header_3_text_color=&#8221;#c2ab92&#8243; header_3_font_size=&#8221;16px&#8221; header_3_letter_spacing=&#8221;1px&#8221; background_layout=&#8221;dark&#8221; max_width=&#8221;600px&#8221; module_alignment=&#8221;left&#8221; custom_margin=&#8221;||20px|&#8221; custom_css_main_element=&#8221;font-weight:300!important;&#8221; locked=&#8221;off&#8221; global_colors_info=&#8221;{}&#8221;]<\/p>\n<h3>Inspektorzy<\/h3>\n<p>[\/et_pb_text][et_pb_text _builder_version=&#8221;4.9.10&#8243; text_font=&#8221;Poppins||||||||&#8221; text_font_size=&#8221;18px&#8221; text_line_height=&#8221;1.8em&#8221; header_font=&#8221;Poppins|300|||||||&#8221; header_font_size=&#8221;56px&#8221; header_line_height=&#8221;1.4em&#8221; header_2_font=&#8221;||||||||&#8221; header_3_font=&#8221;||||||||&#8221; max_width=&#8221;600px&#8221; header_font_size_tablet=&#8221;40px&#8221; header_font_size_phone=&#8221;&#8221; header_font_size_last_edited=&#8221;on|tablet&#8221; custom_css_main_element=&#8221;font-weight:300!important;&#8221; locked=&#8221;off&#8221; global_colors_info=&#8221;{}&#8221;]<\/p>\n<h1>Projekt BUDU<\/h1>\n<p style=\"text-align: justify;\">Nasza Firma wsp\u00f3\u0142pracuje z rzetelnymi Inspektorami Nadzoru, reprezentuj\u0105cych interesy Inwestora na budowie. Ka\u017cdy z naszych Inspektor\u00f3w posiada wieloletnie do\u015bwiadczenie budowlane a tak\u017ce projektowe. Nasz zesp\u00f3\u0142 sk\u0142ada si\u0119 z:<\/p>\n<ul>\n<li style=\"text-align: justify;\">inspektora nadzoru inwestorskiego ds. og\u00f3lnobudowlanych<\/li>\n<li style=\"text-align: justify;\">inspektora nadzoru inwestorskiego ds. instalacji i sieci sanitarnych<\/li>\n<li style=\"text-align: justify;\">inspektora nadzoru inwestorskiego ds. instalacji i sieci telekomunikacyjnych<\/li>\n<li style=\"text-align: justify;\">inspektora nadzoru inwestorskiego ds. drogowych<\/li>\n<\/ul>\n<p>[\/et_pb_text][\/et_pb_column][et_pb_column type=&#8221;1_2&#8243; _builder_version=&#8221;4.9.10&#8243; background_color=&#8221;#121212&#8243; use_background_color_gradient=&#8221;on&#8221; background_color_gradient_start=&#8221;rgba(18,18,18,0.5)&#8221; background_color_gradient_end=&#8221;#121212&#8243; background_color_gradient_overlays_image=&#8221;on&#8221; background_image=&#8221;https:\/\/projekt.budu.pl\/wp-content\/uploads\/2021\/07\/architect-firm-15.jpg&#8221; custom_padding=&#8221;100px||100px|&#8221; custom_padding_tablet=&#8221;60px||60px|&#8221; custom_padding_phone=&#8221;&#8221; custom_padding_last_edited=&#8221;on|desktop&#8221; global_colors_info=&#8221;{}&#8221; padding_tablet=&#8221;60px||60px|&#8221; padding_last_edited=&#8221;on|desktop&#8221; custom_padding__hover=&#8221;|||&#8221;][et_pb_image src=&#8221;https:\/\/projekt.budu.pl\/wp-content\/uploads\/2021\/07\/architect-firm-15.jpg&#8221; align_tablet=&#8221;center&#8221; align_phone=&#8221;&#8221; align_last_edited=&#8221;on|desktop&#8221; module_class=&#8221;friend-logo&#8221; _builder_version=&#8221;4.9.10&#8243; max_width=&#8221;600px&#8221; max_width_tablet=&#8221;&#8221; max_width_phone=&#8221;&#8221; max_width_last_edited=&#8221;on|desktop&#8221; custom_margin=&#8221;|||-8%&#8221; custom_margin_tablet=&#8221;60px|60px|60px|60px&#8221; custom_margin_phone=&#8221;&#8221; custom_margin_last_edited=&#8221;on|desktop&#8221; custom_padding=&#8221;|||&#8221; animation_style=&#8221;slide&#8221; animation_direction=&#8221;right&#8221; animation_intensity_slide=&#8221;4%&#8221; animation_starting_opacity=&#8221;50%&#8221; box_shadow_style=&#8221;preset3&#8243; box_shadow_blur=&#8221;80px&#8221; global_colors_info=&#8221;{}&#8221;][\/et_pb_image][\/et_pb_column][\/et_pb_row][\/et_pb_section][et_pb_section fb_built=&#8221;1&#8243; admin_label=&#8221;About&#8221; _builder_version=&#8221;3.22&#8243; background_color=&#8221;#121212&#8243; custom_padding=&#8221;100px|0px|100px|0px&#8221; global_colors_info=&#8221;{}&#8221;][et_pb_row _builder_version=&#8221;3.25&#8243; custom_margin=&#8221;||50px|&#8221; global_colors_info=&#8221;{}&#8221;][et_pb_column type=&#8221;4_4&#8243; _builder_version=&#8221;3.25&#8243; custom_padding=&#8221;|||&#8221; global_colors_info=&#8221;{}&#8221; custom_padding__hover=&#8221;|||&#8221;][et_pb_text _builder_version=&#8221;4.9.10&#8243; text_font=&#8221;Poppins|700||on|||||&#8221; text_text_color=&#8221;rgba(255,255,255,0.4)&#8221; text_font_size=&#8221;13px&#8221; text_letter_spacing=&#8221;2px&#8221; background_layout=&#8221;dark&#8221; custom_css_main_element=&#8221;font-weight:300!important;&#8221; locked=&#8221;off&#8221; global_colors_info=&#8221;{}&#8221;]<\/p>\n<p>INSPEKTORZY<\/p>\n<p>[\/et_pb_text][et_pb_text _builder_version=&#8221;4.9.10&#8243; text_font=&#8221;Poppins||||||||&#8221; text_text_color=&#8221;#ffffff&#8221; text_font_size=&#8221;26px&#8221; text_line_height=&#8221;1.8em&#8221; header_font=&#8221;||||||||&#8221; header_4_font=&#8221;Karla|700||on|||||&#8221; header_4_text_color=&#8221;rgba(255,255,255,0.4)&#8221; header_4_font_size=&#8221;13px&#8221; header_4_letter_spacing=&#8221;2px&#8221; header_4_line_height=&#8221;1.8em&#8221; background_layout=&#8221;dark&#8221; custom_css_main_element=&#8221;font-weight:300!important;&#8221; global_colors_info=&#8221;{}&#8221;]<\/p>\n<p>Kontrola &#8230;<\/p>\n<p>[\/et_pb_text][et_pb_text _builder_version=&#8221;4.9.10&#8243; text_font=&#8221;Poppins||||||||&#8221; text_text_color=&#8221;rgba(255,255,255,0.7)&#8221; text_font_size=&#8221;18px&#8221; text_line_height=&#8221;1.8em&#8221; hover_enabled=&#8221;0&#8243; custom_css_main_element=&#8221;font-weight:300!important;&#8221; global_colors_info=&#8221;{}&#8221; custom_padding=&#8221;||0px|||&#8221; sticky_enabled=&#8221;0&#8243;]<\/p>\n<p style=\"text-align: justify;\">Ustanowienie Inspektora Nadzoru Inwestorskiego mo\u017ce odbywa\u0107 si\u0119 z urz\u0119du (zgodnie z Prawem Budowlanym) lub indywidualnie \u2013 przez Inwestora, kt\u00f3ry:<\/p>\n<ul style=\"text-align: justify;\">\n<li>chce wybudowa\u0107 obiekt w terminie (bez dodatkowych zb\u0119dnych poprawek)<\/li>\n<li>chce ograniczy\u0107 ryzyko nieprawid\u0142owego wykonania rob\u00f3t<\/li>\n<li>chce wyeliminowa\u0107 nieuczciwych wykonawc\u00f3w kt\u00f3rzy cz\u0119sto naci\u0105gaj\u0105 Inwestora na roboty dodatkowe<\/li>\n<li>chce zabezpieczy\u0107 si\u0119 prawnie (odpowiednimi dokumentami) do ewentualnych p\u00f3\u017aniejszych roszcze\u0144 od nieuczciwych i niesolidnych wykonawc\u00f3w<\/li>\n<li>chce kontrolowa\u0107 budow\u0119<\/li>\n<li>chce ograniczy\u0107 koszty budowy \u2013 sprawdzaj\u0105c kosztorysy i kalkulacje.<\/li>\n<\/ul>\n<p style=\"text-align: justify;\">Nasi Inspektorzy Nadzoru posiadaj\u0105 odpowiednie przygotowanie do pe\u0142nienia nadzor\u00f3w, a ich do\u015bwiadczenie w projektowaniu pozwala cz\u0119sto ograniczy\u0107 koszty budowy, stosuj\u0105c inne, r\u00f3wnorz\u0119dne ale ta\u0144sze rozwi\u0105zania.<\/p>\n<p>[\/et_pb_text][\/et_pb_column][\/et_pb_row][\/et_pb_section]<\/p>\n","protected":false},"excerpt":{"rendered":"<p>InspektorzyProjekt BUDU Nasza Firma wsp\u00f3\u0142pracuje z rzetelnymi Inspektorami Nadzoru, reprezentuj\u0105cych interesy Inwestora na budowie. Ka\u017cdy z naszych Inspektor\u00f3w posiada wieloletnie do\u015bwiadczenie budowlane a tak\u017ce projektowe. Nasz zesp\u00f3\u0142 sk\u0142ada si\u0119 z: inspektora nadzoru inwestorskiego ds. og\u00f3lnobudowlanych inspektora nadzoru inwestorskiego ds. instalacji i sieci sanitarnych inspektora nadzoru inwestorskiego ds. instalacji i sieci telekomunikacyjnych inspektora nadzoru inwestorskiego ds. [&hellip;]<\/p>\n","protected":false},"author":1,"featured_media":0,"parent":0,"menu_order":0,"comment_status":"closed","ping_status":"closed","template":"","meta":{"_et_pb_use_builder":"on","_et_pb_old_content":"<!-- wp:divi\/placeholder \/-->","_et_gb_content_width":"","_monsterinsights_skip_tracking":false,"_monsterinsights_sitenote_active":false,"_monsterinsights_sitenote_note":"","_monsterinsights_sitenote_category":0,"footnotes":""},"class_list":["post-238002","page","type-page","status-publish","hentry"],"yoast_head":"<!-- This site is optimized with the Yoast SEO plugin v26.8 - https:\/\/yoast.com\/product\/yoast-seo-wordpress\/ -->\n<title>Inspektorzy - Projekt Budu<\/title>\n<meta name=\"robots\" content=\"noindex, follow, max-snippet:-1, max-image-preview:large, max-video-preview:-1\" \/>\n<meta property=\"og:locale\" content=\"pl_PL\" \/>\n<meta property=\"og:type\" content=\"article\" \/>\n<meta property=\"og:title\" content=\"Inspektorzy - Projekt Budu\" \/>\n<meta property=\"og:description\" content=\"InspektorzyProjekt BUDU Nasza Firma wsp\u00f3\u0142pracuje z rzetelnymi Inspektorami Nadzoru, reprezentuj\u0105cych interesy Inwestora na budowie. Ka\u017cdy z naszych Inspektor\u00f3w posiada wieloletnie do\u015bwiadczenie budowlane a tak\u017ce projektowe. Nasz zesp\u00f3\u0142 sk\u0142ada si\u0119 z: inspektora nadzoru inwestorskiego ds. og\u00f3lnobudowlanych inspektora nadzoru inwestorskiego ds. instalacji i sieci sanitarnych inspektora nadzoru inwestorskiego ds. instalacji i sieci telekomunikacyjnych inspektora nadzoru inwestorskiego ds. [&hellip;]\" \/>\n<meta property=\"og:url\" content=\"https:\/\/projekt.budu.pl\/?page_id=238002\" \/>\n<meta property=\"og:site_name\" content=\"Projekt Budu\" \/>\n<meta property=\"article:publisher\" content=\"https:\/\/www.facebook.com\/BUDUPROJEKT\/\" \/>\n<meta property=\"article:modified_time\" content=\"2021-08-18T17:27:12+00:00\" \/>\n<meta name=\"twitter:card\" content=\"summary_large_image\" \/>\n<meta name=\"twitter:label1\" content=\"Szacowany czas czytania\" \/>\n\t<meta name=\"twitter:data1\" content=\"4 minuty\" \/>\n<script type=\"application\/ld+json\" class=\"yoast-schema-graph\">{\"@context\":\"https:\/\/schema.org\",\"@graph\":[{\"@type\":\"WebPage\",\"@id\":\"https:\/\/projekt.budu.pl\/?page_id=238002\",\"url\":\"https:\/\/projekt.budu.pl\/?page_id=238002\",\"name\":\"Inspektorzy - Projekt Budu\",\"isPartOf\":{\"@id\":\"https:\/\/projekt.budu.pl\/#website\"},\"datePublished\":\"2021-07-25T19:09:21+00:00\",\"dateModified\":\"2021-08-18T17:27:12+00:00\",\"breadcrumb\":{\"@id\":\"https:\/\/projekt.budu.pl\/?page_id=238002#breadcrumb\"},\"inLanguage\":\"pl-PL\",\"potentialAction\":[{\"@type\":\"ReadAction\",\"target\":[\"https:\/\/projekt.budu.pl\/?page_id=238002\"]}]},{\"@type\":\"BreadcrumbList\",\"@id\":\"https:\/\/projekt.budu.pl\/?page_id=238002#breadcrumb\",\"itemListElement\":[{\"@type\":\"ListItem\",\"position\":1,\"name\":\"Strona g\u0142\u00f3wna\",\"item\":\"https:\/\/projekt.budu.pl\/\"},{\"@type\":\"ListItem\",\"position\":2,\"name\":\"Inspektorzy\"}]},{\"@type\":\"WebSite\",\"@id\":\"https:\/\/projekt.budu.pl\/#website\",\"url\":\"https:\/\/projekt.budu.pl\/\",\"name\":\"Projekt Budu\",\"description\":\"projektowanie, nadzory Inwestorskie, prowadzenie budowy, analizy ekonomiczne\",\"publisher\":{\"@id\":\"https:\/\/projekt.budu.pl\/#organization\"},\"potentialAction\":[{\"@type\":\"SearchAction\",\"target\":{\"@type\":\"EntryPoint\",\"urlTemplate\":\"https:\/\/projekt.budu.pl\/?s={search_term_string}\"},\"query-input\":{\"@type\":\"PropertyValueSpecification\",\"valueRequired\":true,\"valueName\":\"search_term_string\"}}],\"inLanguage\":\"pl-PL\"},{\"@type\":\"Organization\",\"@id\":\"https:\/\/projekt.budu.pl\/#organization\",\"name\":\"Projekt BUDU\",\"url\":\"https:\/\/projekt.budu.pl\/\",\"logo\":{\"@type\":\"ImageObject\",\"inLanguage\":\"pl-PL\",\"@id\":\"https:\/\/projekt.budu.pl\/#\/schema\/logo\/image\/\",\"url\":\"https:\/\/projekt.budu.pl\/wp-content\/uploads\/2021\/09\/obraz_2021-09-23_085630.png\",\"contentUrl\":\"https:\/\/projekt.budu.pl\/wp-content\/uploads\/2021\/09\/obraz_2021-09-23_085630.png\",\"width\":145,\"height\":123,\"caption\":\"Projekt BUDU\"},\"image\":{\"@id\":\"https:\/\/projekt.budu.pl\/#\/schema\/logo\/image\/\"},\"sameAs\":[\"https:\/\/www.facebook.com\/BUDUPROJEKT\/\"]}]}<\/script>\n<!-- \/ Yoast SEO plugin. -->","yoast_head_json":{"title":"Inspektorzy - Projekt Budu","robots":{"index":"noindex","follow":"follow","max-snippet":"max-snippet:-1","max-image-preview":"max-image-preview:large","max-video-preview":"max-video-preview:-1"},"og_locale":"pl_PL","og_type":"article","og_title":"Inspektorzy - Projekt Budu","og_description":"InspektorzyProjekt BUDU Nasza Firma wsp\u00f3\u0142pracuje z rzetelnymi Inspektorami Nadzoru, reprezentuj\u0105cych interesy Inwestora na budowie. Ka\u017cdy z naszych Inspektor\u00f3w posiada wieloletnie do\u015bwiadczenie budowlane a tak\u017ce projektowe. Nasz zesp\u00f3\u0142 sk\u0142ada si\u0119 z: inspektora nadzoru inwestorskiego ds. og\u00f3lnobudowlanych inspektora nadzoru inwestorskiego ds. instalacji i sieci sanitarnych inspektora nadzoru inwestorskiego ds. instalacji i sieci telekomunikacyjnych inspektora nadzoru inwestorskiego ds. [&hellip;]","og_url":"https:\/\/projekt.budu.pl\/?page_id=238002","og_site_name":"Projekt Budu","article_publisher":"https:\/\/www.facebook.com\/BUDUPROJEKT\/","article_modified_time":"2021-08-18T17:27:12+00:00","twitter_card":"summary_large_image","twitter_misc":{"Szacowany czas czytania":"4 minuty"},"schema":{"@context":"https:\/\/schema.org","@graph":[{"@type":"WebPage","@id":"https:\/\/projekt.budu.pl\/?page_id=238002","url":"https:\/\/projekt.budu.pl\/?page_id=238002","name":"Inspektorzy - Projekt Budu","isPartOf":{"@id":"https:\/\/projekt.budu.pl\/#website"},"datePublished":"2021-07-25T19:09:21+00:00","dateModified":"2021-08-18T17:27:12+00:00","breadcrumb":{"@id":"https:\/\/projekt.budu.pl\/?page_id=238002#breadcrumb"},"inLanguage":"pl-PL","potentialAction":[{"@type":"ReadAction","target":["https:\/\/projekt.budu.pl\/?page_id=238002"]}]},{"@type":"BreadcrumbList","@id":"https:\/\/projekt.budu.pl\/?page_id=238002#breadcrumb","itemListElement":[{"@type":"ListItem","position":1,"name":"Strona g\u0142\u00f3wna","item":"https:\/\/projekt.budu.pl\/"},{"@type":"ListItem","position":2,"name":"Inspektorzy"}]},{"@type":"WebSite","@id":"https:\/\/projekt.budu.pl\/#website","url":"https:\/\/projekt.budu.pl\/","name":"Projekt Budu","description":"projektowanie, nadzory Inwestorskie, prowadzenie budowy, analizy ekonomiczne","publisher":{"@id":"https:\/\/projekt.budu.pl\/#organization"},"potentialAction":[{"@type":"SearchAction","target":{"@type":"EntryPoint","urlTemplate":"https:\/\/projekt.budu.pl\/?s={search_term_string}"},"query-input":{"@type":"PropertyValueSpecification","valueRequired":true,"valueName":"search_term_string"}}],"inLanguage":"pl-PL"},{"@type":"Organization","@id":"https:\/\/projekt.budu.pl\/#organization","name":"Projekt BUDU","url":"https:\/\/projekt.budu.pl\/","logo":{"@type":"ImageObject","inLanguage":"pl-PL","@id":"https:\/\/projekt.budu.pl\/#\/schema\/logo\/image\/","url":"https:\/\/projekt.budu.pl\/wp-content\/uploads\/2021\/09\/obraz_2021-09-23_085630.png","contentUrl":"https:\/\/projekt.budu.pl\/wp-content\/uploads\/2021\/09\/obraz_2021-09-23_085630.png","width":145,"height":123,"caption":"Projekt BUDU"},"image":{"@id":"https:\/\/projekt.budu.pl\/#\/schema\/logo\/image\/"},"sameAs":["https:\/\/www.facebook.com\/BUDUPROJEKT\/"]}]}},"_links":{"self":[{"href":"https:\/\/projekt.budu.pl\/index.php?rest_route=\/wp\/v2\/pages\/238002","targetHints":{"allow":["GET"]}}],"collection":[{"href":"https:\/\/projekt.budu.pl\/index.php?rest_route=\/wp\/v2\/pages"}],"about":[{"href":"https:\/\/projekt.budu.pl\/index.php?rest_route=\/wp\/v2\/types\/page"}],"author":[{"embeddable":true,"href":"https:\/\/projekt.budu.pl\/index.php?rest_route=\/wp\/v2\/users\/1"}],"replies":[{"embeddable":true,"href":"https:\/\/projekt.budu.pl\/index.php?rest_route=%2Fwp%2Fv2%2Fcomments&post=238002"}],"version-history":[{"count":5,"href":"https:\/\/projekt.budu.pl\/index.php?rest_route=\/wp\/v2\/pages\/238002\/revisions"}],"predecessor-version":[{"id":238261,"href":"https:\/\/projekt.budu.pl\/index.php?rest_route=\/wp\/v2\/pages\/238002\/revisions\/238261"}],"wp:attachment":[{"href":"https:\/\/projekt.budu.pl\/index.php?rest_route=%2Fwp%2Fv2%2Fmedia&parent=238002"}],"curies":[{"name":"wp","href":"https:\/\/api.w.org\/{rel}","templated":true}]}}