{"id":237998,"date":"2021-07-25T21:09:01","date_gmt":"2021-07-25T19:09:01","guid":{"rendered":"https:\/\/projekt.budu.pl\/?page_id=237998"},"modified":"2021-08-18T20:56:14","modified_gmt":"2021-08-18T18:56:14","slug":"zespol","status":"publish","type":"page","link":"https:\/\/projekt.budu.pl\/?page_id=237998","title":{"rendered":"Zesp\u00f3\u0142"},"content":{"rendered":"<p>[et_pb_section fb_built=&#8221;1&#8243; admin_label=&#8221;Hero Section&#8221; _builder_version=&#8221;4.9.10&#8243; custom_padding=&#8221;0|0px|0px|0px&#8221; global_colors_info=&#8221;{}&#8221;][et_pb_row column_structure=&#8221;1_2,1_2&#8243; use_custom_gutter=&#8221;on&#8221; make_equal=&#8221;on&#8221; _builder_version=&#8221;4.9.10&#8243; width=&#8221;100%&#8221; max_width=&#8221;100%&#8221; custom_padding=&#8221;0px|0|0px|&#8221; use_custom_width=&#8221;on&#8221; width_unit=&#8221;off&#8221; custom_width_percent=&#8221;100%&#8221; global_colors_info=&#8221;{}&#8221;][et_pb_column type=&#8221;1_2&#8243; _builder_version=&#8221;3.25&#8243; custom_padding=&#8221;200px|4%|200px|8%&#8221; custom_padding_tablet=&#8221;60px|10%|60px|10%&#8221; custom_padding_phone=&#8221;&#8221; custom_padding_last_edited=&#8221;on|tablet&#8221; global_colors_info=&#8221;{}&#8221; padding_tablet=&#8221;60px|10%|60px|10%&#8221; padding_last_edited=&#8221;on|tablet&#8221; custom_padding__hover=&#8221;|||&#8221;][et_pb_text _builder_version=&#8221;4.9.10&#8243; text_font=&#8221;||||||||&#8221; header_font=&#8221;Poppins|300|||||||&#8221; header_3_font=&#8221;Poppins|300||on|||||&#8221; header_3_text_color=&#8221;#c2ab92&#8243; header_3_font_size=&#8221;16px&#8221; header_3_letter_spacing=&#8221;1px&#8221; background_layout=&#8221;dark&#8221; max_width=&#8221;600px&#8221; module_alignment=&#8221;left&#8221; custom_margin=&#8221;||20px|&#8221; custom_css_main_element=&#8221;font-weight:300!important;&#8221; locked=&#8221;off&#8221; global_colors_info=&#8221;{}&#8221;]<\/p>\n<h3>Zesp\u00f3\u0142<\/h3>\n<p>[\/et_pb_text][et_pb_text _builder_version=&#8221;4.9.10&#8243; text_font=&#8221;Poppins||||||||&#8221; text_font_size=&#8221;18px&#8221; text_line_height=&#8221;1.8em&#8221; header_font=&#8221;Poppins|300|||||||&#8221; header_font_size=&#8221;56px&#8221; header_line_height=&#8221;1.4em&#8221; header_2_font=&#8221;||||||||&#8221; header_3_font=&#8221;||||||||&#8221; max_width=&#8221;600px&#8221; header_font_size_tablet=&#8221;40px&#8221; header_font_size_phone=&#8221;&#8221; header_font_size_last_edited=&#8221;on|tablet&#8221; custom_css_main_element=&#8221;font-weight:300!important;&#8221; locked=&#8221;off&#8221; global_colors_info=&#8221;{}&#8221;]<\/p>\n<h1>Projekt BUDU<\/h1>\n<p style=\"text-align: justify;\">W sk\u0142ad naszego zespo\u0142u wchodz\u0105 in\u017cynierowie z uprawnieniami do kierowania i projektowania bez ogranicze\u0144 we wszystkich specjalno\u015bciach:<\/p>\n<ul>\n<li style=\"text-align: justify;\">architektonicznej<\/li>\n<li style=\"text-align: justify;\">konstrukcyjnej<\/li>\n<li style=\"text-align: justify;\">instalacji sanitarnych<\/li>\n<li style=\"text-align: justify;\">instalacji elektrycznych<\/li>\n<li style=\"text-align: justify;\">instalacji telekomunikacyjnych<\/li>\n<li style=\"text-align: justify;\">drogowej<\/li>\n<li style=\"text-align: justify;\">AKPiA<\/li>\n<\/ul>\n<p>&nbsp;<\/p>\n<p>Dodatkowo posiadamy znakomitych automatyk\u00f3w.<\/p>\n<p>[\/et_pb_text][\/et_pb_column][et_pb_column type=&#8221;1_2&#8243; _builder_version=&#8221;4.9.10&#8243; background_color=&#8221;#121212&#8243; use_background_color_gradient=&#8221;on&#8221; background_color_gradient_start=&#8221;rgba(18,18,18,0.5)&#8221; background_color_gradient_end=&#8221;#121212&#8243; background_color_gradient_overlays_image=&#8221;on&#8221; background_image=&#8221;https:\/\/projekt.budu.pl\/wp-content\/uploads\/2021\/07\/architect-firm-15.jpg&#8221; custom_padding=&#8221;100px||100px|&#8221; custom_padding_tablet=&#8221;60px||60px|&#8221; custom_padding_phone=&#8221;&#8221; custom_padding_last_edited=&#8221;on|desktop&#8221; global_colors_info=&#8221;{}&#8221; padding_tablet=&#8221;60px||60px|&#8221; padding_last_edited=&#8221;on|desktop&#8221; custom_padding__hover=&#8221;|||&#8221;][et_pb_image src=&#8221;https:\/\/projekt.budu.pl\/wp-content\/uploads\/2021\/07\/architect-firm-15.jpg&#8221; align_tablet=&#8221;center&#8221; align_phone=&#8221;&#8221; align_last_edited=&#8221;on|desktop&#8221; module_class=&#8221;friend-logo&#8221; _builder_version=&#8221;4.9.10&#8243; max_width=&#8221;600px&#8221; max_width_tablet=&#8221;&#8221; max_width_phone=&#8221;&#8221; max_width_last_edited=&#8221;on|desktop&#8221; custom_margin=&#8221;|||-8%&#8221; custom_margin_tablet=&#8221;60px|60px|60px|60px&#8221; custom_margin_phone=&#8221;&#8221; custom_margin_last_edited=&#8221;on|desktop&#8221; custom_padding=&#8221;|||&#8221; animation_style=&#8221;slide&#8221; animation_direction=&#8221;right&#8221; animation_intensity_slide=&#8221;4%&#8221; animation_starting_opacity=&#8221;50%&#8221; box_shadow_style=&#8221;preset3&#8243; box_shadow_blur=&#8221;80px&#8221; global_colors_info=&#8221;{}&#8221;][\/et_pb_image][\/et_pb_column][\/et_pb_row][\/et_pb_section][et_pb_section fb_built=&#8221;1&#8243; admin_label=&#8221;About&#8221; _builder_version=&#8221;3.22&#8243; background_color=&#8221;#121212&#8243; custom_padding=&#8221;100px|0px|100px|0px&#8221; global_colors_info=&#8221;{}&#8221;][et_pb_row _builder_version=&#8221;3.25&#8243; custom_margin=&#8221;||50px|&#8221; global_colors_info=&#8221;{}&#8221;][et_pb_column type=&#8221;4_4&#8243; _builder_version=&#8221;3.25&#8243; custom_padding=&#8221;|||&#8221; global_colors_info=&#8221;{}&#8221; custom_padding__hover=&#8221;|||&#8221;][et_pb_text _builder_version=&#8221;4.9.10&#8243; text_font=&#8221;Poppins|700||on|||||&#8221; text_text_color=&#8221;rgba(255,255,255,0.4)&#8221; text_font_size=&#8221;13px&#8221; text_letter_spacing=&#8221;2px&#8221; background_layout=&#8221;dark&#8221; custom_css_main_element=&#8221;font-weight:300!important;&#8221; locked=&#8221;off&#8221; global_colors_info=&#8221;{}&#8221;]<\/p>\n<p>ZESP\u00d3\u0141<\/p>\n<p>[\/et_pb_text][et_pb_text _builder_version=&#8221;4.9.10&#8243; text_font=&#8221;Poppins||||||||&#8221; text_text_color=&#8221;#ffffff&#8221; text_font_size=&#8221;26px&#8221; text_line_height=&#8221;1.8em&#8221; header_font=&#8221;||||||||&#8221; header_4_font=&#8221;Karla|700||on|||||&#8221; header_4_text_color=&#8221;rgba(255,255,255,0.4)&#8221; header_4_font_size=&#8221;13px&#8221; header_4_letter_spacing=&#8221;2px&#8221; header_4_line_height=&#8221;1.8em&#8221; background_layout=&#8221;dark&#8221; custom_css_main_element=&#8221;font-weight:300!important;&#8221; global_colors_info=&#8221;{}&#8221; custom_padding=&#8221;||0px|||&#8221;]<\/p>\n<p>Wyzwania !!<\/p>\n<p>[\/et_pb_text][et_pb_text _builder_version=&#8221;4.9.10&#8243; text_font=&#8221;Poppins||||||||&#8221; text_text_color=&#8221;rgba(255,255,255,0.7)&#8221; text_font_size=&#8221;18px&#8221; text_line_height=&#8221;1.8em&#8221; custom_css_main_element=&#8221;font-weight:300!important;&#8221; global_colors_info=&#8221;{}&#8221; custom_padding=&#8221;0px|||||&#8221;]<\/p>\n<p style=\"text-align: justify;\">Nie boimy si\u0119 termin\u00f3w oraz du\u017cych skomplikowanych projekt\u00f3w. Lista naszych realizacji \u015bwiadczy o naszej wiedzy oraz bogatym do\u015bwiadczeniu. Ka\u017cdy z nas by\u0142 \/ pracowa\u0142 na najwi\u0119kszych budowach w Polsce np. ECE Galeria Krakowska, Fabryka Samochod\u00f3w Ci\u0119\u017carowych MAN Niepo\u0142omice, Cadbury w Skarbimierzu, Mariott Ok\u0119cie, Hilton Wsp\u00f3lna, Galeria Wo\u0142omin i inne (biurowce i fabryki w r\u00f3\u017cnych cz\u0119\u015bciach Polski). Posiadamy szerokie kontakty zwi\u0105zane z wykonawstwem oraz z dostawcami materia\u0142\u00f3w i urz\u0105dze\u0144.<\/p>\n<p>[\/et_pb_text][\/et_pb_column][\/et_pb_row][\/et_pb_section]<\/p>\n","protected":false},"excerpt":{"rendered":"<p>Zesp\u00f3\u0142Projekt BUDU W sk\u0142ad naszego zespo\u0142u wchodz\u0105 in\u017cynierowie z uprawnieniami do kierowania i projektowania bez ogranicze\u0144 we wszystkich specjalno\u015bciach: architektonicznej konstrukcyjnej instalacji sanitarnych instalacji elektrycznych instalacji telekomunikacyjnych drogowej AKPiA &nbsp; Dodatkowo posiadamy znakomitych automatyk\u00f3w.ZESP\u00d3\u0141Wyzwania !!Nie boimy si\u0119 termin\u00f3w oraz du\u017cych skomplikowanych projekt\u00f3w. Lista naszych realizacji \u015bwiadczy o naszej wiedzy oraz bogatym do\u015bwiadczeniu. Ka\u017cdy z nas [&hellip;]<\/p>\n","protected":false},"author":1,"featured_media":0,"parent":0,"menu_order":0,"comment_status":"closed","ping_status":"closed","template":"","meta":{"_et_pb_use_builder":"on","_et_pb_old_content":"<!-- wp:divi\/placeholder \/-->","_et_gb_content_width":"","_monsterinsights_skip_tracking":false,"_monsterinsights_sitenote_active":false,"_monsterinsights_sitenote_note":"","_monsterinsights_sitenote_category":0,"footnotes":""},"class_list":["post-237998","page","type-page","status-publish","hentry"],"yoast_head":"<!-- This site is optimized with the Yoast SEO plugin v26.8 - https:\/\/yoast.com\/product\/yoast-seo-wordpress\/ -->\n<title>Zesp\u00f3\u0142 - Projekt Budu<\/title>\n<meta name=\"robots\" content=\"noindex, follow, max-snippet:-1, max-image-preview:large, max-video-preview:-1\" \/>\n<meta property=\"og:locale\" content=\"pl_PL\" \/>\n<meta property=\"og:type\" content=\"article\" \/>\n<meta property=\"og:title\" content=\"Zesp\u00f3\u0142 - Projekt Budu\" \/>\n<meta property=\"og:description\" content=\"Zesp\u00f3\u0142Projekt BUDU W sk\u0142ad naszego zespo\u0142u wchodz\u0105 in\u017cynierowie z uprawnieniami do kierowania i projektowania bez ogranicze\u0144 we wszystkich specjalno\u015bciach: architektonicznej konstrukcyjnej instalacji sanitarnych instalacji elektrycznych instalacji telekomunikacyjnych drogowej AKPiA &nbsp; Dodatkowo posiadamy znakomitych automatyk\u00f3w.ZESP\u00d3\u0141Wyzwania !!Nie boimy si\u0119 termin\u00f3w oraz du\u017cych skomplikowanych projekt\u00f3w. Lista naszych realizacji \u015bwiadczy o naszej wiedzy oraz bogatym do\u015bwiadczeniu. Ka\u017cdy z nas [&hellip;]\" \/>\n<meta property=\"og:url\" content=\"https:\/\/projekt.budu.pl\/?page_id=237998\" \/>\n<meta property=\"og:site_name\" content=\"Projekt Budu\" \/>\n<meta property=\"article:publisher\" content=\"https:\/\/www.facebook.com\/BUDUPROJEKT\/\" \/>\n<meta property=\"article:modified_time\" content=\"2021-08-18T18:56:14+00:00\" \/>\n<meta name=\"twitter:card\" content=\"summary_large_image\" \/>\n<meta name=\"twitter:label1\" content=\"Szacowany czas czytania\" \/>\n\t<meta name=\"twitter:data1\" content=\"3 minuty\" \/>\n<script type=\"application\/ld+json\" class=\"yoast-schema-graph\">{\"@context\":\"https:\/\/schema.org\",\"@graph\":[{\"@type\":\"WebPage\",\"@id\":\"https:\/\/projekt.budu.pl\/?page_id=237998\",\"url\":\"https:\/\/projekt.budu.pl\/?page_id=237998\",\"name\":\"Zesp\u00f3\u0142 - Projekt Budu\",\"isPartOf\":{\"@id\":\"https:\/\/projekt.budu.pl\/#website\"},\"datePublished\":\"2021-07-25T19:09:01+00:00\",\"dateModified\":\"2021-08-18T18:56:14+00:00\",\"breadcrumb\":{\"@id\":\"https:\/\/projekt.budu.pl\/?page_id=237998#breadcrumb\"},\"inLanguage\":\"pl-PL\",\"potentialAction\":[{\"@type\":\"ReadAction\",\"target\":[\"https:\/\/projekt.budu.pl\/?page_id=237998\"]}]},{\"@type\":\"BreadcrumbList\",\"@id\":\"https:\/\/projekt.budu.pl\/?page_id=237998#breadcrumb\",\"itemListElement\":[{\"@type\":\"ListItem\",\"position\":1,\"name\":\"Strona g\u0142\u00f3wna\",\"item\":\"https:\/\/projekt.budu.pl\/\"},{\"@type\":\"ListItem\",\"position\":2,\"name\":\"Zesp\u00f3\u0142\"}]},{\"@type\":\"WebSite\",\"@id\":\"https:\/\/projekt.budu.pl\/#website\",\"url\":\"https:\/\/projekt.budu.pl\/\",\"name\":\"Projekt Budu\",\"description\":\"projektowanie, nadzory Inwestorskie, prowadzenie budowy, analizy ekonomiczne\",\"publisher\":{\"@id\":\"https:\/\/projekt.budu.pl\/#organization\"},\"potentialAction\":[{\"@type\":\"SearchAction\",\"target\":{\"@type\":\"EntryPoint\",\"urlTemplate\":\"https:\/\/projekt.budu.pl\/?s={search_term_string}\"},\"query-input\":{\"@type\":\"PropertyValueSpecification\",\"valueRequired\":true,\"valueName\":\"search_term_string\"}}],\"inLanguage\":\"pl-PL\"},{\"@type\":\"Organization\",\"@id\":\"https:\/\/projekt.budu.pl\/#organization\",\"name\":\"Projekt BUDU\",\"url\":\"https:\/\/projekt.budu.pl\/\",\"logo\":{\"@type\":\"ImageObject\",\"inLanguage\":\"pl-PL\",\"@id\":\"https:\/\/projekt.budu.pl\/#\/schema\/logo\/image\/\",\"url\":\"https:\/\/projekt.budu.pl\/wp-content\/uploads\/2021\/09\/obraz_2021-09-23_085630.png\",\"contentUrl\":\"https:\/\/projekt.budu.pl\/wp-content\/uploads\/2021\/09\/obraz_2021-09-23_085630.png\",\"width\":145,\"height\":123,\"caption\":\"Projekt BUDU\"},\"image\":{\"@id\":\"https:\/\/projekt.budu.pl\/#\/schema\/logo\/image\/\"},\"sameAs\":[\"https:\/\/www.facebook.com\/BUDUPROJEKT\/\"]}]}<\/script>\n<!-- \/ Yoast SEO plugin. -->","yoast_head_json":{"title":"Zesp\u00f3\u0142 - Projekt Budu","robots":{"index":"noindex","follow":"follow","max-snippet":"max-snippet:-1","max-image-preview":"max-image-preview:large","max-video-preview":"max-video-preview:-1"},"og_locale":"pl_PL","og_type":"article","og_title":"Zesp\u00f3\u0142 - Projekt Budu","og_description":"Zesp\u00f3\u0142Projekt BUDU W sk\u0142ad naszego zespo\u0142u wchodz\u0105 in\u017cynierowie z uprawnieniami do kierowania i projektowania bez ogranicze\u0144 we wszystkich specjalno\u015bciach: architektonicznej konstrukcyjnej instalacji sanitarnych instalacji elektrycznych instalacji telekomunikacyjnych drogowej AKPiA &nbsp; Dodatkowo posiadamy znakomitych automatyk\u00f3w.ZESP\u00d3\u0141Wyzwania !!Nie boimy si\u0119 termin\u00f3w oraz du\u017cych skomplikowanych projekt\u00f3w. Lista naszych realizacji \u015bwiadczy o naszej wiedzy oraz bogatym do\u015bwiadczeniu. Ka\u017cdy z nas [&hellip;]","og_url":"https:\/\/projekt.budu.pl\/?page_id=237998","og_site_name":"Projekt Budu","article_publisher":"https:\/\/www.facebook.com\/BUDUPROJEKT\/","article_modified_time":"2021-08-18T18:56:14+00:00","twitter_card":"summary_large_image","twitter_misc":{"Szacowany czas czytania":"3 minuty"},"schema":{"@context":"https:\/\/schema.org","@graph":[{"@type":"WebPage","@id":"https:\/\/projekt.budu.pl\/?page_id=237998","url":"https:\/\/projekt.budu.pl\/?page_id=237998","name":"Zesp\u00f3\u0142 - Projekt Budu","isPartOf":{"@id":"https:\/\/projekt.budu.pl\/#website"},"datePublished":"2021-07-25T19:09:01+00:00","dateModified":"2021-08-18T18:56:14+00:00","breadcrumb":{"@id":"https:\/\/projekt.budu.pl\/?page_id=237998#breadcrumb"},"inLanguage":"pl-PL","potentialAction":[{"@type":"ReadAction","target":["https:\/\/projekt.budu.pl\/?page_id=237998"]}]},{"@type":"BreadcrumbList","@id":"https:\/\/projekt.budu.pl\/?page_id=237998#breadcrumb","itemListElement":[{"@type":"ListItem","position":1,"name":"Strona g\u0142\u00f3wna","item":"https:\/\/projekt.budu.pl\/"},{"@type":"ListItem","position":2,"name":"Zesp\u00f3\u0142"}]},{"@type":"WebSite","@id":"https:\/\/projekt.budu.pl\/#website","url":"https:\/\/projekt.budu.pl\/","name":"Projekt Budu","description":"projektowanie, nadzory Inwestorskie, prowadzenie budowy, analizy ekonomiczne","publisher":{"@id":"https:\/\/projekt.budu.pl\/#organization"},"potentialAction":[{"@type":"SearchAction","target":{"@type":"EntryPoint","urlTemplate":"https:\/\/projekt.budu.pl\/?s={search_term_string}"},"query-input":{"@type":"PropertyValueSpecification","valueRequired":true,"valueName":"search_term_string"}}],"inLanguage":"pl-PL"},{"@type":"Organization","@id":"https:\/\/projekt.budu.pl\/#organization","name":"Projekt BUDU","url":"https:\/\/projekt.budu.pl\/","logo":{"@type":"ImageObject","inLanguage":"pl-PL","@id":"https:\/\/projekt.budu.pl\/#\/schema\/logo\/image\/","url":"https:\/\/projekt.budu.pl\/wp-content\/uploads\/2021\/09\/obraz_2021-09-23_085630.png","contentUrl":"https:\/\/projekt.budu.pl\/wp-content\/uploads\/2021\/09\/obraz_2021-09-23_085630.png","width":145,"height":123,"caption":"Projekt BUDU"},"image":{"@id":"https:\/\/projekt.budu.pl\/#\/schema\/logo\/image\/"},"sameAs":["https:\/\/www.facebook.com\/BUDUPROJEKT\/"]}]}},"_links":{"self":[{"href":"https:\/\/projekt.budu.pl\/index.php?rest_route=\/wp\/v2\/pages\/237998","targetHints":{"allow":["GET"]}}],"collection":[{"href":"https:\/\/projekt.budu.pl\/index.php?rest_route=\/wp\/v2\/pages"}],"about":[{"href":"https:\/\/projekt.budu.pl\/index.php?rest_route=\/wp\/v2\/types\/page"}],"author":[{"embeddable":true,"href":"https:\/\/projekt.budu.pl\/index.php?rest_route=\/wp\/v2\/users\/1"}],"replies":[{"embeddable":true,"href":"https:\/\/projekt.budu.pl\/index.php?rest_route=%2Fwp%2Fv2%2Fcomments&post=237998"}],"version-history":[{"count":7,"href":"https:\/\/projekt.budu.pl\/index.php?rest_route=\/wp\/v2\/pages\/237998\/revisions"}],"predecessor-version":[{"id":238275,"href":"https:\/\/projekt.budu.pl\/index.php?rest_route=\/wp\/v2\/pages\/237998\/revisions\/238275"}],"wp:attachment":[{"href":"https:\/\/projekt.budu.pl\/index.php?rest_route=%2Fwp%2Fv2%2Fmedia&parent=237998"}],"curies":[{"name":"wp","href":"https:\/\/api.w.org\/{rel}","templated":true}]}}