{"id":237990,"date":"2021-07-25T21:07:03","date_gmt":"2021-07-25T19:07:03","guid":{"rendered":"https:\/\/projekt.budu.pl\/?page_id=237990"},"modified":"2021-09-28T13:25:36","modified_gmt":"2021-09-28T11:25:36","slug":"o-firmie","status":"publish","type":"page","link":"https:\/\/projekt.budu.pl\/","title":{"rendered":"O firmie"},"content":{"rendered":"<p>[et_pb_section fb_built=&#8221;1&#8243; admin_label=&#8221;Hero Section&#8221; _builder_version=&#8221;4.9.10&#8243; custom_padding=&#8221;0|0px|0px|0px&#8221; global_colors_info=&#8221;{}&#8221;][et_pb_row column_structure=&#8221;1_2,1_2&#8243; use_custom_gutter=&#8221;on&#8221; make_equal=&#8221;on&#8221; _builder_version=&#8221;4.9.10&#8243; width=&#8221;100%&#8221; max_width=&#8221;100%&#8221; custom_padding=&#8221;0px|0|0px|&#8221; use_custom_width=&#8221;on&#8221; width_unit=&#8221;off&#8221; custom_width_percent=&#8221;100%&#8221; global_colors_info=&#8221;{}&#8221;][et_pb_column type=&#8221;1_2&#8243; _builder_version=&#8221;3.25&#8243; custom_padding=&#8221;200px|4%|200px|8%&#8221; custom_padding_tablet=&#8221;60px|10%|60px|10%&#8221; custom_padding_phone=&#8221;&#8221; custom_padding_last_edited=&#8221;on|tablet&#8221; global_colors_info=&#8221;{}&#8221; padding_tablet=&#8221;60px|10%|60px|10%&#8221; padding_last_edited=&#8221;on|tablet&#8221; custom_padding__hover=&#8221;|||&#8221;][et_pb_text _builder_version=&#8221;4.9.10&#8243; text_font=&#8221;||||||||&#8221; header_font=&#8221;Poppins|300|||||||&#8221; header_3_font=&#8221;Poppins|300||on|||||&#8221; header_3_text_color=&#8221;#c2ab92&#8243; header_3_font_size=&#8221;16px&#8221; header_3_letter_spacing=&#8221;1px&#8221; background_layout=&#8221;dark&#8221; max_width=&#8221;600px&#8221; module_alignment=&#8221;left&#8221; custom_margin=&#8221;||20px|&#8221; custom_css_main_element=&#8221;font-weight:300!important;&#8221; locked=&#8221;off&#8221; global_colors_info=&#8221;{}&#8221;]<\/p>\n<h3>O firmie<\/h3>\n<p>[\/et_pb_text][et_pb_text _builder_version=&#8221;4.9.10&#8243; text_font=&#8221;Poppins||||||||&#8221; text_font_size=&#8221;18px&#8221; text_line_height=&#8221;1.8em&#8221; header_font=&#8221;Poppins|300|||||||&#8221; header_font_size=&#8221;56px&#8221; header_line_height=&#8221;1.4em&#8221; header_2_font=&#8221;||||||||&#8221; header_3_font=&#8221;||||||||&#8221; max_width=&#8221;600px&#8221; custom_padding=&#8221;||0px|||&#8221; header_font_size_tablet=&#8221;40px&#8221; header_font_size_phone=&#8221;&#8221; header_font_size_last_edited=&#8221;on|tablet&#8221; custom_css_main_element=&#8221;font-weight:300!important;&#8221; locked=&#8221;off&#8221; global_colors_info=&#8221;{}&#8221;]<\/p>\n<h1>Projekt BUDU<\/h1>\n<p style=\"text-align: justify;\">Firma Projekt BUDU jest biurem projektowo-in\u017cynierskim, kt\u00f3rej celem jest zapewnienie Inwestorowi kompleksowych us\u0142ug doradczych &#8211; tak aby zapewni\u0107 optymalny przebieg procesu budowlanego.<\/p>\n<p>[\/et_pb_text][et_pb_image src=&#8221;https:\/\/projekt.budu.pl\/wp-content\/uploads\/2021\/09\/MaciejBiznes-038-kopiaBW-scaled.jpg&#8221; title_text=&#8221;038 kopiaB&#038;W&#8221; _builder_version=&#8221;4.10.8&#8243; _module_preset=&#8221;default&#8221; hover_enabled=&#8221;0&#8243; global_colors_info=&#8221;{}&#8221; sticky_enabled=&#8221;0&#8243;][\/et_pb_image][\/et_pb_column][et_pb_column type=&#8221;1_2&#8243; _builder_version=&#8221;4.9.10&#8243; background_color=&#8221;#121212&#8243; use_background_color_gradient=&#8221;on&#8221; background_color_gradient_start=&#8221;rgba(18,18,18,0.5)&#8221; background_color_gradient_end=&#8221;#121212&#8243; background_color_gradient_overlays_image=&#8221;on&#8221; background_image=&#8221;https:\/\/projekt.budu.pl\/wp-content\/uploads\/2021\/07\/architect-firm-15.jpg&#8221; custom_padding=&#8221;100px||100px|&#8221; custom_padding_tablet=&#8221;60px||60px|&#8221; custom_padding_phone=&#8221;&#8221; custom_padding_last_edited=&#8221;on|desktop&#8221; global_colors_info=&#8221;{}&#8221; padding_tablet=&#8221;60px||60px|&#8221; padding_last_edited=&#8221;on|desktop&#8221; custom_padding__hover=&#8221;|||&#8221;][et_pb_image src=&#8221;https:\/\/projekt.budu.pl\/wp-content\/uploads\/2021\/07\/architect-firm-15.jpg&#8221; align_tablet=&#8221;center&#8221; align_phone=&#8221;&#8221; align_last_edited=&#8221;on|desktop&#8221; module_class=&#8221;friend-logo&#8221; _builder_version=&#8221;4.9.10&#8243; max_width=&#8221;600px&#8221; max_width_tablet=&#8221;&#8221; max_width_phone=&#8221;&#8221; max_width_last_edited=&#8221;on|desktop&#8221; custom_margin=&#8221;|||-8%&#8221; custom_margin_tablet=&#8221;60px|60px|60px|60px&#8221; custom_margin_phone=&#8221;&#8221; custom_margin_last_edited=&#8221;on|desktop&#8221; custom_padding=&#8221;|||&#8221; animation_style=&#8221;slide&#8221; animation_direction=&#8221;right&#8221; animation_intensity_slide=&#8221;4%&#8221; animation_starting_opacity=&#8221;50%&#8221; box_shadow_style=&#8221;preset3&#8243; box_shadow_blur=&#8221;80px&#8221; global_colors_info=&#8221;{}&#8221;][\/et_pb_image][\/et_pb_column][\/et_pb_row][\/et_pb_section][et_pb_section fb_built=&#8221;1&#8243; admin_label=&#8221;About&#8221; _builder_version=&#8221;3.22&#8243; background_color=&#8221;#121212&#8243; custom_padding=&#8221;100px|0px|100px|0px&#8221; global_colors_info=&#8221;{}&#8221;][et_pb_row column_structure=&#8221;1_3,2_3&#8243; _builder_version=&#8221;3.25&#8243; custom_margin=&#8221;||50px|&#8221; global_colors_info=&#8221;{}&#8221;][et_pb_column type=&#8221;1_3&#8243; _builder_version=&#8221;3.25&#8243; custom_padding=&#8221;|||&#8221; global_colors_info=&#8221;{}&#8221; custom_padding__hover=&#8221;|||&#8221;][et_pb_text _builder_version=&#8221;4.9.10&#8243; text_font=&#8221;Poppins|700||on|||||&#8221; text_text_color=&#8221;rgba(255,255,255,0.4)&#8221; text_font_size=&#8221;13px&#8221; text_letter_spacing=&#8221;2px&#8221; background_layout=&#8221;dark&#8221; custom_css_main_element=&#8221;font-weight:300!important;&#8221; locked=&#8221;off&#8221; global_colors_info=&#8221;{}&#8221;]<\/p>\n<p>KIM JESTE\u015aMY<\/p>\n<p>[\/et_pb_text][et_pb_text _builder_version=&#8221;4.9.11&#8243; text_font=&#8221;Poppins||||||||&#8221; text_text_color=&#8221;#ffffff&#8221; text_font_size=&#8221;26px&#8221; text_line_height=&#8221;1.8em&#8221; header_font=&#8221;||||||||&#8221; header_4_font=&#8221;Karla|700||on|||||&#8221; header_4_text_color=&#8221;rgba(255,255,255,0.4)&#8221; header_4_font_size=&#8221;13px&#8221; header_4_letter_spacing=&#8221;2px&#8221; header_4_line_height=&#8221;1.8em&#8221; background_layout=&#8221;dark&#8221; custom_margin=&#8221;|-14px||||&#8221; custom_css_main_element=&#8221;font-weight:300!important;&#8221; global_colors_info=&#8221;{}&#8221;]<\/p>\n<p>Projekt BUDU jest Firm\u0105 id\u0105c\u0105 w wielu kierunkach:<\/p>\n<p>[\/et_pb_text][\/et_pb_column][et_pb_column type=&#8221;2_3&#8243; _builder_version=&#8221;3.25&#8243; custom_padding=&#8221;|||&#8221; global_colors_info=&#8221;{}&#8221; custom_padding__hover=&#8221;|||&#8221;][et_pb_text _builder_version=&#8221;4.9.10&#8243; text_font=&#8221;Poppins||||||||&#8221; text_text_color=&#8221;rgba(255,255,255,0.7)&#8221; text_font_size=&#8221;18px&#8221; text_line_height=&#8221;1.8em&#8221; custom_css_main_element=&#8221;font-weight:300!important;&#8221; global_colors_info=&#8221;{}&#8221;]<\/p>\n<ul>\n<li style=\"text-align: justify;\"><span>kontrola budowy, koszt\u00f3w oraz podwykonawc\u00f3w w charakterze Inspektora Nadzoru Inwestorskiego (wszystkie bran\u017ce, \u0142\u0105cznie z og\u00f3lnobudowlan\u0105)<\/span><\/li>\n<li style=\"text-align: justify;\"><span>projektowanie instalacji i sieci sanitarnych (wod-kan, gaz, CO, wentylacja i klimatyzacja, spr\u0119\u017cone powietrze, kot\u0142ownie i w\u0119z\u0142y cieplne, maszynownie wody lodowej, instalacje hydrantowe, instalacje pary technologicznej, inne)<\/span><\/li>\n<li style=\"text-align: justify;\"><span>projektowanie instalacji i sieci elektrycznych, teletechnicznych i automatyki (SAP, DSO, kontrola dost\u0119pu, CCTV, inne)<\/span><\/li>\n<li style=\"text-align: justify;\"><span>projektowanie architektury, konstrukcji oraz dr\u00f3g<\/span><\/li>\n<li style=\"text-align: justify;\"><span>wykonywanie inwentaryzacji w budynkach<\/span><\/li>\n<li style=\"text-align: justify;\"><span>przygotowywanie koncepcji i opracowa\u0144 ciep\u0142owniczych<\/span><\/li>\n<li style=\"text-align: justify;\"><span>przygotowywanie koncepcji oraz opracowa\u0144 odzysku wody ze \u015bciek\u00f3w<\/span><\/li>\n<li style=\"text-align: justify;\"><span>przygotowywanie bud\u017cet\u00f3w inwestycji oraz szczeg\u00f3\u0142owych kosztorys\u00f3w inwestorskich, wycen oraz analiz<\/span><\/li>\n<li style=\"text-align: justify;\"><span>zarz\u0105dzanie kosztami inwestycji i ich optymalizacja na ka\u017cdym etapie budowy<\/span><\/li>\n<li style=\"text-align: justify;\"><span>sprawdzanie oraz weryfikacja dokumentacji ka\u017cdej bran\u017cy (\u0142\u0105cznie z konstrukcj\u0105 i bran\u017c\u0105 drogow\u0105)<\/span><\/li>\n<li style=\"text-align: justify;\"><span>wykonawstwo instalacji sanitarnych i elektrycznych<\/span><\/li>\n<li style=\"text-align: justify;\"><span>nadzory autorskie oraz inwestorskie<\/span><\/li>\n<li style=\"text-align: justify;\"><span>analizy DueDilligence obiekt\u00f3w u\u017cyteczno\u015bci publicznej i zak\u0142ad\u00f3w przemys\u0142owych<\/span><\/li>\n<li style=\"text-align: justify;\"><span>analizy op\u0142acalno\u015bci oraz stopy zwrotu inwestycji<\/span><\/li>\n<li style=\"text-align: justify;\"><span>prowadzenie budowy, kontakty z inwestorem, gestorami medi\u00f3w<\/span><\/li>\n<\/ul>\n<p>[\/et_pb_text][\/et_pb_column][\/et_pb_row][\/et_pb_section]<\/p>\n","protected":false},"excerpt":{"rendered":"<p>O firmieProjekt BUDU Firma Projekt BUDU jest biurem projektowo-in\u017cynierskim, kt\u00f3rej celem jest zapewnienie Inwestorowi kompleksowych us\u0142ug doradczych &#8211; tak aby zapewni\u0107 optymalny przebieg procesu budowlanego.KIM JESTE\u015aMYProjekt BUDU jest Firm\u0105 id\u0105c\u0105 w wielu kierunkach: kontrola budowy, koszt\u00f3w oraz podwykonawc\u00f3w w charakterze Inspektora Nadzoru Inwestorskiego (wszystkie bran\u017ce, \u0142\u0105cznie z og\u00f3lnobudowlan\u0105) projektowanie instalacji i sieci sanitarnych (wod-kan, gaz, [&hellip;]<\/p>\n","protected":false},"author":1,"featured_media":0,"parent":0,"menu_order":0,"comment_status":"closed","ping_status":"closed","template":"","meta":{"_et_pb_use_builder":"on","_et_pb_old_content":"","_et_gb_content_width":"","_monsterinsights_skip_tracking":false,"_monsterinsights_sitenote_active":false,"_monsterinsights_sitenote_note":"","_monsterinsights_sitenote_category":0,"footnotes":""},"class_list":["post-237990","page","type-page","status-publish","hentry"],"yoast_head":"<!-- This site is optimized with the Yoast SEO plugin v26.8 - https:\/\/yoast.com\/product\/yoast-seo-wordpress\/ -->\n<title>O firmie - Projekt Budu<\/title>\n<meta name=\"robots\" content=\"noindex, follow, max-snippet:-1, max-image-preview:large, max-video-preview:-1\" \/>\n<meta property=\"og:locale\" content=\"pl_PL\" \/>\n<meta property=\"og:type\" content=\"article\" \/>\n<meta property=\"og:title\" content=\"O firmie - Projekt Budu\" \/>\n<meta property=\"og:description\" content=\"O firmieProjekt BUDU Firma Projekt BUDU jest biurem projektowo-in\u017cynierskim, kt\u00f3rej celem jest zapewnienie Inwestorowi kompleksowych us\u0142ug doradczych - tak aby zapewni\u0107 optymalny przebieg procesu budowlanego.KIM JESTE\u015aMYProjekt BUDU jest Firm\u0105 id\u0105c\u0105 w wielu kierunkach: kontrola budowy, koszt\u00f3w oraz podwykonawc\u00f3w w charakterze Inspektora Nadzoru Inwestorskiego (wszystkie bran\u017ce, \u0142\u0105cznie z og\u00f3lnobudowlan\u0105) projektowanie instalacji i sieci sanitarnych (wod-kan, gaz, [&hellip;]\" \/>\n<meta property=\"og:url\" content=\"https:\/\/projekt.budu.pl\/\" \/>\n<meta property=\"og:site_name\" content=\"Projekt Budu\" \/>\n<meta property=\"article:publisher\" content=\"https:\/\/www.facebook.com\/BUDUPROJEKT\/\" \/>\n<meta property=\"article:modified_time\" content=\"2021-09-28T11:25:36+00:00\" \/>\n<meta name=\"twitter:card\" content=\"summary_large_image\" \/>\n<meta name=\"twitter:label1\" content=\"Szacowany czas czytania\" \/>\n\t<meta name=\"twitter:data1\" content=\"4 minuty\" \/>\n<script type=\"application\/ld+json\" class=\"yoast-schema-graph\">{\"@context\":\"https:\/\/schema.org\",\"@graph\":[{\"@type\":\"WebPage\",\"@id\":\"https:\/\/projekt.budu.pl\/\",\"url\":\"https:\/\/projekt.budu.pl\/\",\"name\":\"O firmie - Projekt Budu\",\"isPartOf\":{\"@id\":\"https:\/\/projekt.budu.pl\/#website\"},\"datePublished\":\"2021-07-25T19:07:03+00:00\",\"dateModified\":\"2021-09-28T11:25:36+00:00\",\"breadcrumb\":{\"@id\":\"https:\/\/projekt.budu.pl\/#breadcrumb\"},\"inLanguage\":\"pl-PL\",\"potentialAction\":[{\"@type\":\"ReadAction\",\"target\":[\"https:\/\/projekt.budu.pl\/\"]}]},{\"@type\":\"BreadcrumbList\",\"@id\":\"https:\/\/projekt.budu.pl\/#breadcrumb\",\"itemListElement\":[{\"@type\":\"ListItem\",\"position\":1,\"name\":\"Strona g\u0142\u00f3wna\",\"item\":\"https:\/\/projekt.budu.pl\/\"},{\"@type\":\"ListItem\",\"position\":2,\"name\":\"O firmie\"}]},{\"@type\":\"WebSite\",\"@id\":\"https:\/\/projekt.budu.pl\/#website\",\"url\":\"https:\/\/projekt.budu.pl\/\",\"name\":\"Projekt Budu\",\"description\":\"projektowanie, nadzory Inwestorskie, prowadzenie budowy, analizy ekonomiczne\",\"publisher\":{\"@id\":\"https:\/\/projekt.budu.pl\/#organization\"},\"potentialAction\":[{\"@type\":\"SearchAction\",\"target\":{\"@type\":\"EntryPoint\",\"urlTemplate\":\"https:\/\/projekt.budu.pl\/?s={search_term_string}\"},\"query-input\":{\"@type\":\"PropertyValueSpecification\",\"valueRequired\":true,\"valueName\":\"search_term_string\"}}],\"inLanguage\":\"pl-PL\"},{\"@type\":\"Organization\",\"@id\":\"https:\/\/projekt.budu.pl\/#organization\",\"name\":\"Projekt BUDU\",\"url\":\"https:\/\/projekt.budu.pl\/\",\"logo\":{\"@type\":\"ImageObject\",\"inLanguage\":\"pl-PL\",\"@id\":\"https:\/\/projekt.budu.pl\/#\/schema\/logo\/image\/\",\"url\":\"https:\/\/projekt.budu.pl\/wp-content\/uploads\/2021\/09\/obraz_2021-09-23_085630.png\",\"contentUrl\":\"https:\/\/projekt.budu.pl\/wp-content\/uploads\/2021\/09\/obraz_2021-09-23_085630.png\",\"width\":145,\"height\":123,\"caption\":\"Projekt BUDU\"},\"image\":{\"@id\":\"https:\/\/projekt.budu.pl\/#\/schema\/logo\/image\/\"},\"sameAs\":[\"https:\/\/www.facebook.com\/BUDUPROJEKT\/\"]}]}<\/script>\n<!-- \/ Yoast SEO plugin. -->","yoast_head_json":{"title":"O firmie - Projekt Budu","robots":{"index":"noindex","follow":"follow","max-snippet":"max-snippet:-1","max-image-preview":"max-image-preview:large","max-video-preview":"max-video-preview:-1"},"og_locale":"pl_PL","og_type":"article","og_title":"O firmie - Projekt Budu","og_description":"O firmieProjekt BUDU Firma Projekt BUDU jest biurem projektowo-in\u017cynierskim, kt\u00f3rej celem jest zapewnienie Inwestorowi kompleksowych us\u0142ug doradczych - tak aby zapewni\u0107 optymalny przebieg procesu budowlanego.KIM JESTE\u015aMYProjekt BUDU jest Firm\u0105 id\u0105c\u0105 w wielu kierunkach: kontrola budowy, koszt\u00f3w oraz podwykonawc\u00f3w w charakterze Inspektora Nadzoru Inwestorskiego (wszystkie bran\u017ce, \u0142\u0105cznie z og\u00f3lnobudowlan\u0105) projektowanie instalacji i sieci sanitarnych (wod-kan, gaz, [&hellip;]","og_url":"https:\/\/projekt.budu.pl\/","og_site_name":"Projekt Budu","article_publisher":"https:\/\/www.facebook.com\/BUDUPROJEKT\/","article_modified_time":"2021-09-28T11:25:36+00:00","twitter_card":"summary_large_image","twitter_misc":{"Szacowany czas czytania":"4 minuty"},"schema":{"@context":"https:\/\/schema.org","@graph":[{"@type":"WebPage","@id":"https:\/\/projekt.budu.pl\/","url":"https:\/\/projekt.budu.pl\/","name":"O firmie - Projekt Budu","isPartOf":{"@id":"https:\/\/projekt.budu.pl\/#website"},"datePublished":"2021-07-25T19:07:03+00:00","dateModified":"2021-09-28T11:25:36+00:00","breadcrumb":{"@id":"https:\/\/projekt.budu.pl\/#breadcrumb"},"inLanguage":"pl-PL","potentialAction":[{"@type":"ReadAction","target":["https:\/\/projekt.budu.pl\/"]}]},{"@type":"BreadcrumbList","@id":"https:\/\/projekt.budu.pl\/#breadcrumb","itemListElement":[{"@type":"ListItem","position":1,"name":"Strona g\u0142\u00f3wna","item":"https:\/\/projekt.budu.pl\/"},{"@type":"ListItem","position":2,"name":"O firmie"}]},{"@type":"WebSite","@id":"https:\/\/projekt.budu.pl\/#website","url":"https:\/\/projekt.budu.pl\/","name":"Projekt Budu","description":"projektowanie, nadzory Inwestorskie, prowadzenie budowy, analizy ekonomiczne","publisher":{"@id":"https:\/\/projekt.budu.pl\/#organization"},"potentialAction":[{"@type":"SearchAction","target":{"@type":"EntryPoint","urlTemplate":"https:\/\/projekt.budu.pl\/?s={search_term_string}"},"query-input":{"@type":"PropertyValueSpecification","valueRequired":true,"valueName":"search_term_string"}}],"inLanguage":"pl-PL"},{"@type":"Organization","@id":"https:\/\/projekt.budu.pl\/#organization","name":"Projekt BUDU","url":"https:\/\/projekt.budu.pl\/","logo":{"@type":"ImageObject","inLanguage":"pl-PL","@id":"https:\/\/projekt.budu.pl\/#\/schema\/logo\/image\/","url":"https:\/\/projekt.budu.pl\/wp-content\/uploads\/2021\/09\/obraz_2021-09-23_085630.png","contentUrl":"https:\/\/projekt.budu.pl\/wp-content\/uploads\/2021\/09\/obraz_2021-09-23_085630.png","width":145,"height":123,"caption":"Projekt BUDU"},"image":{"@id":"https:\/\/projekt.budu.pl\/#\/schema\/logo\/image\/"},"sameAs":["https:\/\/www.facebook.com\/BUDUPROJEKT\/"]}]}},"_links":{"self":[{"href":"https:\/\/projekt.budu.pl\/index.php?rest_route=\/wp\/v2\/pages\/237990","targetHints":{"allow":["GET"]}}],"collection":[{"href":"https:\/\/projekt.budu.pl\/index.php?rest_route=\/wp\/v2\/pages"}],"about":[{"href":"https:\/\/projekt.budu.pl\/index.php?rest_route=\/wp\/v2\/types\/page"}],"author":[{"embeddable":true,"href":"https:\/\/projekt.budu.pl\/index.php?rest_route=\/wp\/v2\/users\/1"}],"replies":[{"embeddable":true,"href":"https:\/\/projekt.budu.pl\/index.php?rest_route=%2Fwp%2Fv2%2Fcomments&post=237990"}],"version-history":[{"count":33,"href":"https:\/\/projekt.budu.pl\/index.php?rest_route=\/wp\/v2\/pages\/237990\/revisions"}],"predecessor-version":[{"id":238339,"href":"https:\/\/projekt.budu.pl\/index.php?rest_route=\/wp\/v2\/pages\/237990\/revisions\/238339"}],"wp:attachment":[{"href":"https:\/\/projekt.budu.pl\/index.php?rest_route=%2Fwp%2Fv2%2Fmedia&parent=237990"}],"curies":[{"name":"wp","href":"https:\/\/api.w.org\/{rel}","templated":true}]}}